{"id":93,"date":"2024-11-28T12:57:29","date_gmt":"2024-11-28T12:57:29","guid":{"rendered":"https:\/\/nunalu.care\/?post_type=product&#038;p=93"},"modified":"2026-04-12T15:50:34","modified_gmt":"2026-04-12T15:50:34","slug":"soothing-diaper-cream","status":"publish","type":"product","link":"https:\/\/nunalu.care\/pl\/produkt\/soothing-diaper-cream\/","title":{"rendered":"Koj\u0105cy krem pod pieluszk\u0119"},"content":{"rendered":"<p><span style=\"color: #C49190;\"><strong>Short expiry date: end of February<\/strong><\/span><\/p>\n<p>Krem pod pieluszk\u0119 to regeneracyjny kosmetyk o rewelacyjnych w\u0142a\u015bciwo\u015bciach od\u017cywczych, \u0142agodz\u0105cych i nawil\u017caj\u0105cych, zapewniaj\u0105cy komfort Twojemu maluszkowi. Kompleks naturalnych olejk\u00f3w i ekstrakt\u00f3w ro\u015blinnych koi such\u0105 i zaczerwienion\u0105 sk\u00f3r\u0119. To skuteczna pomoc w zmniejszaniu stanu zapalnego i dyskomfortu zwi\u0105zanego z odparzeniami i podra\u017cnieniami. Nie zawiera sztucznych sk\u0142adnik\u00f3w, dzi\u0119ki czemu ka\u017cda zmiana pieluszki to okazja do naprawczej piel\u0119gnacji i kojenia wra\u017cliwej sk\u00f3ry dziecka.<\/p>","protected":false},"excerpt":{"rendered":"<p>Short expiry date: end of February Diaper cream is like a gentle embrace from nature, crafted with care from the&#8230;<\/p>","protected":false},"featured_media":1085,"comment_status":"open","ping_status":"closed","template":"","meta":{"_acf_changed":false},"product_brand":[],"product_cat":[22],"product_tag":[],"class_list":{"0":"post-93","1":"product","2":"type-product","3":"status-publish","4":"has-post-thumbnail","6":"product_cat-products","8":"first","9":"outofstock","10":"taxable","11":"shipping-taxable","12":"purchasable","13":"product-type-simple"},"acf":[],"_links":{"self":[{"href":"https:\/\/nunalu.care\/pl\/wp-json\/wp\/v2\/product\/93","targetHints":{"allow":["GET"]}}],"collection":[{"href":"https:\/\/nunalu.care\/pl\/wp-json\/wp\/v2\/product"}],"about":[{"href":"https:\/\/nunalu.care\/pl\/wp-json\/wp\/v2\/types\/product"}],"replies":[{"embeddable":true,"href":"https:\/\/nunalu.care\/pl\/wp-json\/wp\/v2\/comments?post=93"}],"wp:featuredmedia":[{"embeddable":true,"href":"https:\/\/nunalu.care\/pl\/wp-json\/wp\/v2\/media\/1085"}],"wp:attachment":[{"href":"https:\/\/nunalu.care\/pl\/wp-json\/wp\/v2\/media?parent=93"}],"wp:term":[{"taxonomy":"product_brand","embeddable":true,"href":"https:\/\/nunalu.care\/pl\/wp-json\/wp\/v2\/product_brand?post=93"},{"taxonomy":"product_cat","embeddable":true,"href":"https:\/\/nunalu.care\/pl\/wp-json\/wp\/v2\/product_cat?post=93"},{"taxonomy":"product_tag","embeddable":true,"href":"https:\/\/nunalu.care\/pl\/wp-json\/wp\/v2\/product_tag?post=93"}],"curies":[{"name":"wp","href":"https:\/\/api.w.org\/{rel}","templated":true}]}}