{"id":610,"date":"2024-12-12T21:47:53","date_gmt":"2024-12-12T21:47:53","guid":{"rendered":"https:\/\/nunalu.care\/?post_type=product&#038;p=610"},"modified":"2026-04-12T15:49:53","modified_gmt":"2026-04-12T15:49:53","slug":"gentle-shampoo-and-body-wash","status":"publish","type":"product","link":"https:\/\/nunalu.care\/pl\/produkt\/gentle-shampoo-and-body-wash\/","title":{"rendered":"\u0141agodny \u017cel do mycia cia\u0142a i w\u0142os\u00f3w"},"content":{"rendered":"<p>Nasza formu\u0142a na bazie ro\u015blin przekszta\u0142ca czas k\u0105pieli w od\u017cywczy rytua\u0142, kt\u00f3ry oczyszcza bez usuwania naturalnych olejk\u00f3w. Wzbogacony biofermentem z bambusa i olejem sacha inchi, ten p\u0142yn do mycia 2 w 1 jest wystarczaj\u0105co delikatny do codziennego stosowania na najbardziej wra\u017cliwej sk\u00f3rze, a jednocze\u015bnie wystarczaj\u0105co skuteczny, aby sta\u0107 si\u0119 ulubionym \u015brodkiem do mycia dla ca\u0142ej rodziny.<\/p>","protected":false},"excerpt":{"rendered":"<p>Our plant-based formula transforms bath time into a nourishing ritual that cleanses without stripping natural oils. Enriched with bamboo bioferment&#8230;<\/p>","protected":false},"featured_media":1075,"comment_status":"open","ping_status":"closed","template":"","meta":{"_acf_changed":false},"product_brand":[],"product_cat":[22],"product_tag":[],"class_list":{"0":"post-610","1":"product","2":"type-product","3":"status-publish","4":"has-post-thumbnail","6":"product_cat-products","8":"first","9":"outofstock","10":"featured","11":"taxable","12":"shipping-taxable","13":"purchasable","14":"product-type-simple"},"acf":[],"_links":{"self":[{"href":"https:\/\/nunalu.care\/pl\/wp-json\/wp\/v2\/product\/610","targetHints":{"allow":["GET"]}}],"collection":[{"href":"https:\/\/nunalu.care\/pl\/wp-json\/wp\/v2\/product"}],"about":[{"href":"https:\/\/nunalu.care\/pl\/wp-json\/wp\/v2\/types\/product"}],"replies":[{"embeddable":true,"href":"https:\/\/nunalu.care\/pl\/wp-json\/wp\/v2\/comments?post=610"}],"wp:featuredmedia":[{"embeddable":true,"href":"https:\/\/nunalu.care\/pl\/wp-json\/wp\/v2\/media\/1075"}],"wp:attachment":[{"href":"https:\/\/nunalu.care\/pl\/wp-json\/wp\/v2\/media?parent=610"}],"wp:term":[{"taxonomy":"product_brand","embeddable":true,"href":"https:\/\/nunalu.care\/pl\/wp-json\/wp\/v2\/product_brand?post=610"},{"taxonomy":"product_cat","embeddable":true,"href":"https:\/\/nunalu.care\/pl\/wp-json\/wp\/v2\/product_cat?post=610"},{"taxonomy":"product_tag","embeddable":true,"href":"https:\/\/nunalu.care\/pl\/wp-json\/wp\/v2\/product_tag?post=610"}],"curies":[{"name":"wp","href":"https:\/\/api.w.org\/{rel}","templated":true}]}}