{"id":601,"date":"2024-12-12T21:38:23","date_gmt":"2024-12-12T21:38:23","guid":{"rendered":"https:\/\/nunalu.care\/?post_type=product&#038;p=601"},"modified":"2026-04-18T05:55:01","modified_gmt":"2026-04-18T05:55:01","slug":"delicate-hand-soap","status":"publish","type":"product","link":"https:\/\/nunalu.care\/pl\/produkt\/delicate-hand-soap\/","title":{"rendered":"Delikatne myd\u0142o do r\u0105k"},"content":{"rendered":"<p>\u0141agodna formu\u0142a zawieraj\u0105ca m.in. bioferment z bambusa, ekstrakt z kocanki, nagietka i korzenia prawo\u015blazu sprawia, \u017ce mycie r\u0105k staje si\u0119 chwil\u0105 czystej, pachn\u0105cej przyjemno\u015bci. Dzi\u0119ki olejowi z nasion sacha inchi nawet cz\u0119ste mycie r\u0105k nie spowoduje podra\u017cnienia czy przesuszenia sk\u00f3ry, a wr\u0119cz przeciwnie - b\u0119dzie j\u0105 piel\u0119gnowa\u0107. Mycie r\u0105czek mo\u017ce by\u0107 weso\u0142\u0105 chwil\u0105 zabawy, np. w tworzenie pachn\u0105cej pianki czy liczenie paluszk\u00f3w!<\/p>","protected":false},"excerpt":{"rendered":"<p>Nasze delikatne myd\u0142o do r\u0105k jest jak u\u015bcisk dla d\u0142oni! Dzi\u0119ki doskona\u0142ej mieszance naturalnych i wysokiej jako\u015bci sk\u0142adnik\u00f3w...<\/p>","protected":false},"featured_media":1080,"comment_status":"open","ping_status":"closed","template":"","meta":{"_acf_changed":false},"product_brand":[],"product_cat":[22],"product_tag":[],"class_list":{"0":"post-601","1":"product","2":"type-product","3":"status-publish","4":"has-post-thumbnail","6":"product_cat-products","8":"first","9":"outofstock","10":"taxable","11":"shipping-taxable","12":"purchasable","13":"product-type-simple"},"acf":[],"_links":{"self":[{"href":"https:\/\/nunalu.care\/pl\/wp-json\/wp\/v2\/product\/601","targetHints":{"allow":["GET"]}}],"collection":[{"href":"https:\/\/nunalu.care\/pl\/wp-json\/wp\/v2\/product"}],"about":[{"href":"https:\/\/nunalu.care\/pl\/wp-json\/wp\/v2\/types\/product"}],"replies":[{"embeddable":true,"href":"https:\/\/nunalu.care\/pl\/wp-json\/wp\/v2\/comments?post=601"}],"wp:featuredmedia":[{"embeddable":true,"href":"https:\/\/nunalu.care\/pl\/wp-json\/wp\/v2\/media\/1080"}],"wp:attachment":[{"href":"https:\/\/nunalu.care\/pl\/wp-json\/wp\/v2\/media?parent=601"}],"wp:term":[{"taxonomy":"product_brand","embeddable":true,"href":"https:\/\/nunalu.care\/pl\/wp-json\/wp\/v2\/product_brand?post=601"},{"taxonomy":"product_cat","embeddable":true,"href":"https:\/\/nunalu.care\/pl\/wp-json\/wp\/v2\/product_cat?post=601"},{"taxonomy":"product_tag","embeddable":true,"href":"https:\/\/nunalu.care\/pl\/wp-json\/wp\/v2\/product_tag?post=601"}],"curies":[{"name":"wp","href":"https:\/\/api.w.org\/{rel}","templated":true}]}}