{"id":363,"date":"2024-11-26T20:35:27","date_gmt":"2024-11-26T20:35:27","guid":{"rendered":"https:\/\/nunalu.care\/?post_type=product&#038;p=363"},"modified":"2026-04-03T00:44:10","modified_gmt":"2026-04-03T00:44:10","slug":"intensive-repair-cream","status":"publish","type":"product","link":"https:\/\/nunalu.care\/pl\/produkt\/intensive-repair-cream\/","title":{"rendered":"Naprawczy krem do buzi i cia\u0142a"},"content":{"rendered":"<p>Sk\u00f3ra Twojego maluszka jest delikatna i wymaga dodatkowej piel\u0119gnacji. Nasz krem zapewnia naturalne, delikatne i d\u0142ugotrwa\u0142e wsparcie dla wra\u017cliwej sk\u00f3ry,<br \/>\nzapewniaj\u0105c jej nawil\u017cenie, ochron\u0119 i rado\u015b\u0107. Idealny do codziennego u\u017cytku i tych wyj\u0105tkowych chwil, kiedy potrzebna jest dodatkowa piel\u0119gnacja. Przy ka\u017cdym u\u017cyciu zmniejsza zaczerwienienia, uspokaja i piel\u0119gnuje sk\u00f3r\u0119 dziecka, pomagaj\u0105c w przypadku sucho\u015bci i obszar\u00f3w podatnych na wypryski. Formu\u0142a Advance Repair zawiera unikalne sk\u0142adniki aktywne znane ze swoich w\u0142a\u015bciwo\u015bci wi\u0105\u017c\u0105cych wilgo\u0107 i przeciwzapalnych oraz zdolno\u015bci do tworzenia bariery ochronnej.<\/p>","protected":false},"excerpt":{"rendered":"<p>Sk\u00f3ra Twojego maluszka jest delikatna i wymaga dodatkowej piel\u0119gnacji. Nasz krem zapewnia naturalne, delikatne i d\u0142ugotrwa\u0142e wsparcie dla wra\u017cliwej...<\/p>","protected":false},"featured_media":1098,"comment_status":"open","ping_status":"closed","template":"","meta":{"_acf_changed":false},"product_brand":[],"product_cat":[22],"product_tag":[],"class_list":{"0":"post-363","1":"product","2":"type-product","3":"status-publish","4":"has-post-thumbnail","6":"product_cat-products","8":"first","9":"instock","10":"sale","11":"taxable","12":"shipping-taxable","13":"purchasable","14":"product-type-simple"},"acf":[],"_links":{"self":[{"href":"https:\/\/nunalu.care\/pl\/wp-json\/wp\/v2\/product\/363","targetHints":{"allow":["GET"]}}],"collection":[{"href":"https:\/\/nunalu.care\/pl\/wp-json\/wp\/v2\/product"}],"about":[{"href":"https:\/\/nunalu.care\/pl\/wp-json\/wp\/v2\/types\/product"}],"replies":[{"embeddable":true,"href":"https:\/\/nunalu.care\/pl\/wp-json\/wp\/v2\/comments?post=363"}],"wp:featuredmedia":[{"embeddable":true,"href":"https:\/\/nunalu.care\/pl\/wp-json\/wp\/v2\/media\/1098"}],"wp:attachment":[{"href":"https:\/\/nunalu.care\/pl\/wp-json\/wp\/v2\/media?parent=363"}],"wp:term":[{"taxonomy":"product_brand","embeddable":true,"href":"https:\/\/nunalu.care\/pl\/wp-json\/wp\/v2\/product_brand?post=363"},{"taxonomy":"product_cat","embeddable":true,"href":"https:\/\/nunalu.care\/pl\/wp-json\/wp\/v2\/product_cat?post=363"},{"taxonomy":"product_tag","embeddable":true,"href":"https:\/\/nunalu.care\/pl\/wp-json\/wp\/v2\/product_tag?post=363"}],"curies":[{"name":"wp","href":"https:\/\/api.w.org\/{rel}","templated":true}]}}