{"id":357,"date":"2024-11-26T17:51:50","date_gmt":"2024-11-26T17:51:50","guid":{"rendered":"https:\/\/nunalu.care\/?post_type=product&#038;p=357"},"modified":"2026-04-12T15:49:03","modified_gmt":"2026-04-12T15:49:03","slug":"calming-moisture-lotion","status":"publish","type":"product","link":"https:\/\/nunalu.care\/pl\/produkt\/calming-moisture-lotion\/","title":{"rendered":"Nawil\u017caj\u0105cy balsam do cia\u0142a"},"content":{"rendered":"<p>Balsam to cz\u0119\u015b\u0107 codziennej piel\u0119gnacji w rytmie slow care. \u0141agodna formu\u0142a zawiera m.in. olej z wiesio\u0142ka, og\u00f3recznika i pestek brzoskwini. Codzienne stosowanie balsamu to koj\u0105cy i regeneruj\u0105cy rytua\u0142 pe\u0142en mi\u0142o\u015bci - w ka\u017cdym dotyku. Balsam mo\u017ce by\u0107 stosowany na sk\u00f3r\u0119 ca\u0142ego cia\u0142a, a masa\u017c, kt\u00f3ry towarzyszy aplikacji, to jeden z najwspanialszych sposob\u00f3w na pog\u0142\u0119bianie wi\u0119zi mi\u0119dzy mam\u0105 a maluchem!<\/p>","protected":false},"excerpt":{"rendered":"<p>Nasz balsam nawil\u017caj\u0105cy premium zosta\u0142 opracowany z najwy\u017cszej jako\u015bci naturalnych sk\u0142adnik\u00f3w, kt\u00f3re chroni\u0105 i koj\u0105 wra\u017cliw\u0105 sk\u00f3r\u0119, pozostawiaj\u0105c...<\/p>","protected":false},"featured_media":1090,"comment_status":"open","ping_status":"closed","template":"","meta":{"_acf_changed":false},"product_brand":[],"product_cat":[22],"product_tag":[],"class_list":{"0":"post-357","1":"product","2":"type-product","3":"status-publish","4":"has-post-thumbnail","6":"product_cat-products","8":"first","9":"instock","10":"sale","11":"featured","12":"taxable","13":"shipping-taxable","14":"purchasable","15":"product-type-simple"},"acf":[],"_links":{"self":[{"href":"https:\/\/nunalu.care\/pl\/wp-json\/wp\/v2\/product\/357","targetHints":{"allow":["GET"]}}],"collection":[{"href":"https:\/\/nunalu.care\/pl\/wp-json\/wp\/v2\/product"}],"about":[{"href":"https:\/\/nunalu.care\/pl\/wp-json\/wp\/v2\/types\/product"}],"replies":[{"embeddable":true,"href":"https:\/\/nunalu.care\/pl\/wp-json\/wp\/v2\/comments?post=357"}],"wp:featuredmedia":[{"embeddable":true,"href":"https:\/\/nunalu.care\/pl\/wp-json\/wp\/v2\/media\/1090"}],"wp:attachment":[{"href":"https:\/\/nunalu.care\/pl\/wp-json\/wp\/v2\/media?parent=357"}],"wp:term":[{"taxonomy":"product_brand","embeddable":true,"href":"https:\/\/nunalu.care\/pl\/wp-json\/wp\/v2\/product_brand?post=357"},{"taxonomy":"product_cat","embeddable":true,"href":"https:\/\/nunalu.care\/pl\/wp-json\/wp\/v2\/product_cat?post=357"},{"taxonomy":"product_tag","embeddable":true,"href":"https:\/\/nunalu.care\/pl\/wp-json\/wp\/v2\/product_tag?post=357"}],"curies":[{"name":"wp","href":"https:\/\/api.w.org\/{rel}","templated":true}]}}